{"id":601,"date":"2024-11-23T10:42:17","date_gmt":"2024-11-23T13:42:17","guid":{"rendered":"https:\/\/fphv.org\/?page_id=601"},"modified":"2024-12-05T10:57:43","modified_gmt":"2024-12-05T13:57:43","slug":"formulario-sumate","status":"publish","type":"page","link":"https:\/\/fphv.org\/?page_id=601","title":{"rendered":"Formulario Sumate"},"content":{"rendered":"\t\t<div data-elementor-type=\"wp-page\" data-elementor-id=\"601\" class=\"elementor elementor-601\" data-elementor-post-type=\"page\">\n\t\t\t\t<div class=\"elementor-element elementor-element-71644330 e-flex e-con-boxed e-con e-parent\" data-id=\"71644330\" data-element_type=\"container\" data-settings=\"{&quot;background_background&quot;:&quot;classic&quot;}\">\n\t\t\t\t\t<div class=\"e-con-inner\">\n\t\t\t\t<div class=\"elementor-element elementor-element-28cb34c elementor-widget elementor-widget-heading\" data-id=\"28cb34c\" data-element_type=\"widget\" data-widget_type=\"heading.default\">\n\t\t\t\t<div class=\"elementor-widget-container\">\n\t\t\t\t\t<h2 class=\"elementor-heading-title elementor-size-default\">SUMATE<\/h2>\t\t\t\t<\/div>\n\t\t\t\t<\/div>\n\t\t\t\t<div class=\"elementor-element elementor-element-2996c05f elementor-widget elementor-widget-text-editor\" data-id=\"2996c05f\" data-element_type=\"widget\" data-widget_type=\"text-editor.default\">\n\t\t\t\t<div class=\"elementor-widget-container\">\n\t\t\t\t\t\t\t\t\t<p>Creemos firmemente en la construcci\u00f3n de una sociedad justa e inclusiva. Te invitamos a unirte a nuestra causa y marcar la diferencia en tu comunidad y en el mundo. Si deseas colaborar o conocer m\u00e1s sobre nuestros proyectos, no dudes en contactarnos.<\/p>\t\t\t\t\t\t\t\t<\/div>\n\t\t\t\t<\/div>\n\t\t\t\t\t<\/div>\n\t\t\t\t<\/div>\n\t\t<div class=\"elementor-element elementor-element-9e23108 e-flex e-con-boxed e-con e-parent\" data-id=\"9e23108\" data-element_type=\"container\">\n\t\t\t\t\t<div class=\"e-con-inner\">\n\t\t\t\t\t<\/div>\n\t\t\t\t<\/div>\n\t\t<div class=\"elementor-element elementor-element-786cd57 e-flex e-con-boxed e-con e-parent\" data-id=\"786cd57\" data-element_type=\"container\">\n\t\t\t\t\t<div class=\"e-con-inner\">\n\t\t<div class=\"elementor-element elementor-element-5a9c59b e-con-full e-flex e-con e-child\" data-id=\"5a9c59b\" data-element_type=\"container\">\n\t\t\t\t<div class=\"elementor-element elementor-element-3daad75 elementor-widget elementor-widget-heading\" data-id=\"3daad75\" data-element_type=\"widget\" data-widget_type=\"heading.default\">\n\t\t\t\t<div class=\"elementor-widget-container\">\n\t\t\t\t\t<h2 class=\"elementor-heading-title elementor-size-default\">Quiero ser benefactor<\/h2>\t\t\t\t<\/div>\n\t\t\t\t<\/div>\n\t\t\t\t<div class=\"elementor-element elementor-element-10352d3 elementor-widget elementor-widget-text-editor\" data-id=\"10352d3\" data-element_type=\"widget\" data-widget_type=\"text-editor.default\">\n\t\t\t\t<div class=\"elementor-widget-container\">\n\t\t\t\t\t\t\t\t\t<p>A trav\u00e9s de nuestras secciones e institutos, realizamos una amplia gama de actividades que buscan mejorar la calidad de vida de las personas.<br \/>Si te interesa contribuir al desarrollo de las actividades que realizamos, acompa\u00f1anos!<\/p>\t\t\t\t\t\t\t\t<\/div>\n\t\t\t\t<\/div>\n\t\t\t\t<div class=\"elementor-element elementor-element-cc806d9 elementor-widget elementor-widget-heading\" data-id=\"cc806d9\" data-element_type=\"widget\" data-widget_type=\"heading.default\">\n\t\t\t\t<div class=\"elementor-widget-container\">\n\t\t\t\t\t<h2 class=\"elementor-heading-title elementor-size-default\">Quiero ser donante \u00fanico<\/h2>\t\t\t\t<\/div>\n\t\t\t\t<\/div>\n\t\t\t\t<div class=\"elementor-element elementor-element-ce622ab elementor-widget elementor-widget-text-editor\" data-id=\"ce622ab\" data-element_type=\"widget\" data-widget_type=\"text-editor.default\">\n\t\t\t\t<div class=\"elementor-widget-container\">\n\t\t\t\t\t\t\t\t\t<p>Tu ayuda puede marcar la diferencia. Con una donaci\u00f3n \u00fanica a nuestra fundaci\u00f3n, est\u00e1s contribuyendo a mejorar nuestra sociedad y a crear un futuro m\u00e1s justo y equitativo. Cada aporte cuenta y nos ayuda a seguir generando cambios significativos en la comunidad.<\/p>\t\t\t\t\t\t\t\t<\/div>\n\t\t\t\t<\/div>\n\t\t\t\t<\/div>\n\t\t<div class=\"elementor-element elementor-element-b46b412 e-con-full e-flex e-con e-child\" data-id=\"b46b412\" data-element_type=\"container\">\n\t\t\t\t<div class=\"elementor-element elementor-element-e43f11b elementor-widget-mobile__width-initial elementor-widget elementor-widget-html\" data-id=\"e43f11b\" data-element_type=\"widget\" data-widget_type=\"html.default\">\n\t\t\t\t<div class=\"elementor-widget-container\">\n\t\t\t\t\t<iframe data-skip-lazy=\"\" src=\"https:\/\/fphv.ipzmarketing.com\/f\/kW8OWuKpLqE\" frameborder=\"0\" scrolling=\"no\" width=\"100%\" class=\"ipz-iframe\"><\/iframe>\n<script data-cfasync=\"false\" type=\"text\/javascript\" src=\"https:\/\/assets.ipzmarketing.com\/assets\/signup_form\/iframe_v1.js\"><\/script>\t\t\t\t<\/div>\n\t\t\t\t<\/div>\n\t\t\t\t<\/div>\n\t\t\t\t\t<\/div>\n\t\t\t\t<\/div>\n\t\t<div class=\"elementor-element elementor-element-e8ff5ea e-con-full e-flex e-con e-parent\" data-id=\"e8ff5ea\" data-element_type=\"container\">\n\t\t\t\t<\/div>\n\t\t\t\t<\/div>\n\t\t","protected":false},"excerpt":{"rendered":"<p>SUMATE Creemos firmemente en la construcci\u00f3n de una sociedad justa e inclusiva. Te invitamos a unirte a nuestra causa y marcar la diferencia en tu comunidad y en el mundo. Si deseas colaborar o conocer m\u00e1s sobre nuestros proyectos, no dudes en contactarnos. Quiero ser benefactor A trav\u00e9s de nuestras secciones e institutos, realizamos una [&hellip;]<\/p>\n","protected":false},"author":1,"featured_media":0,"parent":0,"menu_order":0,"comment_status":"closed","ping_status":"closed","template":"","meta":{"footnotes":""},"class_list":["post-601","page","type-page","status-publish","hentry"],"_links":{"self":[{"href":"https:\/\/fphv.org\/index.php?rest_route=\/wp\/v2\/pages\/601","targetHints":{"allow":["GET"]}}],"collection":[{"href":"https:\/\/fphv.org\/index.php?rest_route=\/wp\/v2\/pages"}],"about":[{"href":"https:\/\/fphv.org\/index.php?rest_route=\/wp\/v2\/types\/page"}],"author":[{"embeddable":true,"href":"https:\/\/fphv.org\/index.php?rest_route=\/wp\/v2\/users\/1"}],"replies":[{"embeddable":true,"href":"https:\/\/fphv.org\/index.php?rest_route=%2Fwp%2Fv2%2Fcomments&post=601"}],"version-history":[{"count":40,"href":"https:\/\/fphv.org\/index.php?rest_route=\/wp\/v2\/pages\/601\/revisions"}],"predecessor-version":[{"id":1452,"href":"https:\/\/fphv.org\/index.php?rest_route=\/wp\/v2\/pages\/601\/revisions\/1452"}],"wp:attachment":[{"href":"https:\/\/fphv.org\/index.php?rest_route=%2Fwp%2Fv2%2Fmedia&parent=601"}],"curies":[{"name":"wp","href":"https:\/\/api.w.org\/{rel}","templated":true}]}}