{"id":48,"date":"2024-11-06T16:47:28","date_gmt":"2024-11-06T19:47:28","guid":{"rendered":"https:\/\/fphv.org\/?page_id=48"},"modified":"2025-10-20T16:01:32","modified_gmt":"2025-10-20T19:01:32","slug":"en-el-mundo","status":"publish","type":"page","link":"https:\/\/fphv.org\/?page_id=48","title":{"rendered":"En El mundo"},"content":{"rendered":"\t\t<div data-elementor-type=\"wp-page\" data-elementor-id=\"48\" class=\"elementor elementor-48\" data-elementor-post-type=\"page\">\n\t\t\t\t<div class=\"elementor-element elementor-element-21f0a8e7 e-flex e-con-boxed e-con e-parent\" data-id=\"21f0a8e7\" data-element_type=\"container\" data-settings=\"{&quot;background_background&quot;:&quot;classic&quot;}\">\n\t\t\t\t\t<div class=\"e-con-inner\">\n\t\t\t\t<div class=\"elementor-element elementor-element-73978aca elementor-widget elementor-widget-heading\" data-id=\"73978aca\" data-element_type=\"widget\" data-widget_type=\"heading.default\">\n\t\t\t\t<div class=\"elementor-widget-container\">\n\t\t\t\t\t<h2 class=\"elementor-heading-title elementor-size-default\">En El Mundo<\/h2>\t\t\t\t<\/div>\n\t\t\t\t<\/div>\n\t\t\t\t<div class=\"elementor-element elementor-element-1dd8ece3 elementor-widget elementor-widget-text-editor\" data-id=\"1dd8ece3\" data-element_type=\"widget\" data-widget_type=\"text-editor.default\">\n\t\t\t\t<div class=\"elementor-widget-container\">\n\t\t\t\t\t\t\t\t\t<p>Nuestra experiencia en procesos de internacionalizaci\u00f3n y cooperaci\u00f3n internacional, est\u00e1 demostrada trav\u00e9s de nuestras delegaciones por el mundo. Nos vinculamos con instituciones, el sector p\u00fablico y la academia de los principales jugadores del tablero global.<br \/>Entre los pa\u00edses con los que trabajamos se destacan la Rep\u00fablica Popular China, con quienes gestionamos m\u00e1s de 100 misiones inversas, y los Estados Unidos de Am\u00e9rica, que junto al Departamento de Estado ejecutaron m\u00e1s de 45 programas.<br \/>A trav\u00e9s del Instituto de Asuntos Transnacionales promovemos, en cada actividad, los Objetivos de Desarrollo Sostenible de las Naciones Unidas.<\/p><p>La compa\u00f1\u00eda internacional Tango por la Paz, Residencias Deportivas Internacionales y las Misiones Diplom\u00e1ticas, son nuestros programas insignia.<\/p>\t\t\t\t\t\t\t\t<\/div>\n\t\t\t\t<\/div>\n\t\t\t\t\t<\/div>\n\t\t\t\t<\/div>\n\t\t<div class=\"elementor-element elementor-element-4d8e98bc e-flex e-con-boxed e-con e-parent\" data-id=\"4d8e98bc\" data-element_type=\"container\">\n\t\t\t\t\t<div class=\"e-con-inner\">\n\t\t\t\t\t<\/div>\n\t\t\t\t<\/div>\n\t\t<div class=\"elementor-element elementor-element-5e8dfc83 e-flex e-con-boxed e-con e-parent\" data-id=\"5e8dfc83\" data-element_type=\"container\" data-settings=\"{&quot;background_background&quot;:&quot;classic&quot;}\">\n\t\t\t\t\t<div class=\"e-con-inner\">\n\t\t<div class=\"elementor-element elementor-element-78bbc88c e-con-full e-flex e-con e-child\" data-id=\"78bbc88c\" data-element_type=\"container\">\n\t\t\t\t<div class=\"elementor-element elementor-element-5b5ad84 elementor-widget elementor-widget-image\" data-id=\"5b5ad84\" data-element_type=\"widget\" data-widget_type=\"image.default\">\n\t\t\t\t<div class=\"elementor-widget-container\">\n\t\t\t\t\t\t\t\t\t\t\t\t\t\t\t<img fetchpriority=\"high\" decoding=\"async\" width=\"500\" height=\"500\" src=\"https:\/\/fphv.org\/wp-content\/uploads\/2024\/11\/mapamundi-2.webp\" class=\"attachment-large size-large wp-image-563\" alt=\"\" srcset=\"https:\/\/fphv.org\/wp-content\/uploads\/2024\/11\/mapamundi-2.webp 500w, https:\/\/fphv.org\/wp-content\/uploads\/2024\/11\/mapamundi-2-300x300.webp 300w, https:\/\/fphv.org\/wp-content\/uploads\/2024\/11\/mapamundi-2-150x150.webp 150w\" sizes=\"(max-width: 500px) 100vw, 500px\" \/>\t\t\t\t\t\t\t\t\t\t\t\t\t\t\t<\/div>\n\t\t\t\t<\/div>\n\t\t\t\t<\/div>\n\t\t<div class=\"elementor-element elementor-element-6e319b47 e-con-full e-flex e-con e-child\" data-id=\"6e319b47\" data-element_type=\"container\">\n\t\t\t\t<div class=\"elementor-element elementor-element-6f9dfb58 elementor-flip-box--effect-push elementor-flip-box--direction-left elementor-invisible elementor-widget elementor-widget-flip-box\" data-id=\"6f9dfb58\" data-element_type=\"widget\" data-settings=\"{&quot;_animation&quot;:&quot;bounceIn&quot;}\" data-widget_type=\"flip-box.default\">\n\t\t\t\t<div class=\"elementor-widget-container\">\n\t\t\t\t\t\t\t<div class=\"elementor-flip-box\" tabindex=\"0\">\n\t\t\t<div class=\"elementor-flip-box__layer elementor-flip-box__front\">\n\t\t\t\t<div class=\"elementor-flip-box__layer__overlay\">\n\t\t\t\t\t<div class=\"elementor-flip-box__layer__inner\">\n\t\t\t\t\t\t\t\t\t\t\t\t\t<div class=\"elementor-icon-wrapper elementor-view-default\">\n\t\t\t\t\t\t\t\t<div class=\"elementor-icon\">\n\t\t\t\t\t\t\t\t\t<svg class=\"e-font-icon-svg e-fas-chevron-down\" viewBox=\"0 0 448 512\" xmlns=\"http:\/\/www.w3.org\/2000\/svg\"><path d=\"M207.029 381.476L12.686 187.132c-9.373-9.373-9.373-24.569 0-33.941l22.667-22.667c9.357-9.357 24.522-9.375 33.901-.04L224 284.505l154.745-154.021c9.379-9.335 24.544-9.317 33.901.04l22.667 22.667c9.373 9.373 9.373 24.569 0 33.941L240.971 381.476c-9.373 9.372-24.569 9.372-33.942 0z\"><\/path><\/svg>\t\t\t\t\t\t\t\t<\/div>\n\t\t\t\t\t\t\t<\/div>\n\t\t\t\t\t\t\n\t\t\t\t\t\t\t\t\t\t\t\t\t<h3 class=\"elementor-flip-box__layer__title\">\n\t\t\t\t\t\t\t\t34\t\t\t\t\t\t\t<\/h3>\n\t\t\t\t\t\t\n\t\t\t\t\t\t\t\t\t\t\t\t\t<div class=\"elementor-flip-box__layer__description\">\n\t\t\t\t\t\t\t\tDELEGACIONES\t\t\t\t\t\t\t<\/div>\n\t\t\t\t\t\t\t\t\t\t\t<\/div>\n\t\t\t\t<\/div>\n\t\t\t<\/div>\n\t\t\t<div class=\"elementor-flip-box__layer elementor-flip-box__back\">\n\t\t\t<div class=\"elementor-flip-box__layer__overlay\">\n\t\t\t\t<div class=\"elementor-flip-box__layer__inner\">\n\t\t\t\t\t\n\t\t\t\t\t\t\t\t\t\t\t<div class=\"elementor-flip-box__layer__description\">\n\t\t\t\t\t\t\tLouisville, KY - Washington, DC - Los \u00c1ngeles, CA - New York, NY - San Antonio, TX - Toluca - Zacateca - San Jos\u00e9 - Lima- Chiclayo - Cartagena de Indias - Medell\u00edn - Bogot\u00e1 - Brasilia - Belho Horizonte - Asunci\u00f3n - Niamey - Sidney - Berl\u00edn - Dusseldorf - Roma - Venecia - Bologna - Zagreb - Par\u00eds - Biarritz - Niza - Madrid - Vilna - Varsovia - Xi'an - Chengdu - Estambul - Novosibisrk.\t\t\t\t\t\t<\/div>\n\t\t\t\t\t\n\t\t\t\t\t\t\t\t<\/div>\n\t\t<\/div>\n\t\t<\/div>\n\t\t<\/div>\n\t\t\t\t\t\t<\/div>\n\t\t\t\t<\/div>\n\t\t\t\t<\/div>\n\t\t<div class=\"elementor-element elementor-element-427e283 e-con-full e-flex e-con e-child\" data-id=\"427e283\" data-element_type=\"container\">\n\t\t\t\t<div class=\"elementor-element elementor-element-69c2e43e elementor-flip-box--effect-push elementor-flip-box--direction-left elementor-invisible elementor-widget elementor-widget-flip-box\" data-id=\"69c2e43e\" data-element_type=\"widget\" data-settings=\"{&quot;_animation&quot;:&quot;bounceIn&quot;}\" data-widget_type=\"flip-box.default\">\n\t\t\t\t<div class=\"elementor-widget-container\">\n\t\t\t\t\t\t\t<div class=\"elementor-flip-box\" tabindex=\"0\">\n\t\t\t<div class=\"elementor-flip-box__layer elementor-flip-box__front\">\n\t\t\t\t<div class=\"elementor-flip-box__layer__overlay\">\n\t\t\t\t\t<div class=\"elementor-flip-box__layer__inner\">\n\t\t\t\t\t\t\t\t\t\t\t\t\t<div class=\"elementor-icon-wrapper elementor-view-default\">\n\t\t\t\t\t\t\t\t<div class=\"elementor-icon\">\n\t\t\t\t\t\t\t\t\t<svg class=\"e-font-icon-svg e-fas-chevron-down\" viewBox=\"0 0 448 512\" xmlns=\"http:\/\/www.w3.org\/2000\/svg\"><path d=\"M207.029 381.476L12.686 187.132c-9.373-9.373-9.373-24.569 0-33.941l22.667-22.667c9.357-9.357 24.522-9.375 33.901-.04L224 284.505l154.745-154.021c9.379-9.335 24.544-9.317 33.901.04l22.667 22.667c9.373 9.373 9.373 24.569 0 33.941L240.971 381.476c-9.373 9.372-24.569 9.372-33.942 0z\"><\/path><\/svg>\t\t\t\t\t\t\t\t<\/div>\n\t\t\t\t\t\t\t<\/div>\n\t\t\t\t\t\t\n\t\t\t\t\t\t\t\t\t\t\t\t\t<h3 class=\"elementor-flip-box__layer__title\">\n\t\t\t\t\t\t\t\t19\t\t\t\t\t\t\t<\/h3>\n\t\t\t\t\t\t\n\t\t\t\t\t\t\t\t\t\t\t\t\t<div class=\"elementor-flip-box__layer__description\">\n\t\t\t\t\t\t\t\tPA\u00cdSES\t\t\t\t\t\t\t<\/div>\n\t\t\t\t\t\t\t\t\t\t\t<\/div>\n\t\t\t\t<\/div>\n\t\t\t<\/div>\n\t\t\t<div class=\"elementor-flip-box__layer elementor-flip-box__back\">\n\t\t\t<div class=\"elementor-flip-box__layer__overlay\">\n\t\t\t\t<div class=\"elementor-flip-box__layer__inner\">\n\t\t\t\t\t\n\t\t\t\t\t\t\t\t\t\t\t<div class=\"elementor-flip-box__layer__description\">\n\t\t\t\t\t\t\tEstados Unidos - M\u00e9xico - Costa Rica - Per\u00fa - Colombia - Brasil - Paraguay - Niger - Francia - Espa\u00f1a - Lituania - Polonia - Australia - Alemania - Italia - Croacia - China - Turqu\u00eda - Rusia.\t\t\t\t\t\t<\/div>\n\t\t\t\t\t\n\t\t\t\t\t\t\t\t<\/div>\n\t\t<\/div>\n\t\t<\/div>\n\t\t<\/div>\n\t\t\t\t\t\t<\/div>\n\t\t\t\t<\/div>\n\t\t\t\t<\/div>\n\t\t<div class=\"elementor-element elementor-element-13fc4c1a e-con-full e-flex e-con e-child\" data-id=\"13fc4c1a\" data-element_type=\"container\">\n\t\t\t\t<div class=\"elementor-element elementor-element-5b4d8a98 elementor-flip-box--effect-push elementor-flip-box--direction-left elementor-invisible elementor-widget elementor-widget-flip-box\" data-id=\"5b4d8a98\" data-element_type=\"widget\" data-settings=\"{&quot;_animation&quot;:&quot;bounceIn&quot;}\" data-widget_type=\"flip-box.default\">\n\t\t\t\t<div class=\"elementor-widget-container\">\n\t\t\t\t\t\t\t<div class=\"elementor-flip-box\" tabindex=\"0\">\n\t\t\t<div class=\"elementor-flip-box__layer elementor-flip-box__front\">\n\t\t\t\t<div class=\"elementor-flip-box__layer__overlay\">\n\t\t\t\t\t<div class=\"elementor-flip-box__layer__inner\">\n\t\t\t\t\t\t\t\t\t\t\t\t\t<div class=\"elementor-icon-wrapper elementor-view-default\">\n\t\t\t\t\t\t\t\t<div class=\"elementor-icon\">\n\t\t\t\t\t\t\t\t\t<svg class=\"e-font-icon-svg e-fas-chevron-down\" viewBox=\"0 0 448 512\" xmlns=\"http:\/\/www.w3.org\/2000\/svg\"><path d=\"M207.029 381.476L12.686 187.132c-9.373-9.373-9.373-24.569 0-33.941l22.667-22.667c9.357-9.357 24.522-9.375 33.901-.04L224 284.505l154.745-154.021c9.379-9.335 24.544-9.317 33.901.04l22.667 22.667c9.373 9.373 9.373 24.569 0 33.941L240.971 381.476c-9.373 9.372-24.569 9.372-33.942 0z\"><\/path><\/svg>\t\t\t\t\t\t\t\t<\/div>\n\t\t\t\t\t\t\t<\/div>\n\t\t\t\t\t\t\n\t\t\t\t\t\t\t\t\t\t\t\t\t<h3 class=\"elementor-flip-box__layer__title\">\n\t\t\t\t\t\t\t\t5\t\t\t\t\t\t\t<\/h3>\n\t\t\t\t\t\t\n\t\t\t\t\t\t\t\t\t\t\t\t\t<div class=\"elementor-flip-box__layer__description\">\n\t\t\t\t\t\t\t\tCONTINENTES\t\t\t\t\t\t\t<\/div>\n\t\t\t\t\t\t\t\t\t\t\t<\/div>\n\t\t\t\t<\/div>\n\t\t\t<\/div>\n\t\t\t<div class=\"elementor-flip-box__layer elementor-flip-box__back\">\n\t\t\t<div class=\"elementor-flip-box__layer__overlay\">\n\t\t\t\t<div class=\"elementor-flip-box__layer__inner\">\n\t\t\t\t\t\n\t\t\t\t\t\t\t\t\t\t\t<div class=\"elementor-flip-box__layer__description\">\n\t\t\t\t\t\t\tAm\u00e9rica - Europa - \u00c1frica - Asia - Ocean\u00eda.\u00a0\t\t\t\t\t\t<\/div>\n\t\t\t\t\t\n\t\t\t\t\t\t\t\t<\/div>\n\t\t<\/div>\n\t\t<\/div>\n\t\t<\/div>\n\t\t\t\t\t\t<\/div>\n\t\t\t\t<\/div>\n\t\t\t\t<\/div>\n\t\t\t\t\t<\/div>\n\t\t\t\t<\/div>\n\t\t<div class=\"elementor-element elementor-element-6407b91b e-flex e-con-boxed e-con e-parent\" data-id=\"6407b91b\" data-element_type=\"container\" data-settings=\"{&quot;background_background&quot;:&quot;classic&quot;,&quot;shape_divider_top&quot;:&quot;curve&quot;}\">\n\t\t\t\t\t<div class=\"e-con-inner\">\n\t\t\t\t<div class=\"elementor-shape elementor-shape-top\" aria-hidden=\"true\" data-negative=\"false\">\n\t\t\t<svg xmlns=\"http:\/\/www.w3.org\/2000\/svg\" viewBox=\"0 0 1000 100\" preserveAspectRatio=\"none\">\n    <path class=\"elementor-shape-fill\" d=\"M1000,4.3V0H0v4.3C0.9,23.1,126.7,99.2,500,100S1000,22.7,1000,4.3z\"\/>\n<\/svg>\t\t<\/div>\n\t\t<div class=\"elementor-element elementor-element-39507332 e-con-full e-flex e-con e-child\" data-id=\"39507332\" data-element_type=\"container\" data-settings=\"{&quot;background_background&quot;:&quot;classic&quot;}\">\n\t\t\t\t<div class=\"elementor-element elementor-element-3f030df1 elementor-position-top elementor-widget elementor-widget-image-box\" data-id=\"3f030df1\" data-element_type=\"widget\" data-widget_type=\"image-box.default\">\n\t\t\t\t<div class=\"elementor-widget-container\">\n\t\t\t\t\t<div class=\"elementor-image-box-wrapper\"><figure class=\"elementor-image-box-img\"><img decoding=\"async\" width=\"602\" height=\"360\" src=\"https:\/\/fphv.org\/wp-content\/uploads\/2024\/11\/tango-por-la-paz.webp\" class=\"attachment-full size-full wp-image-532\" alt=\"\" srcset=\"https:\/\/fphv.org\/wp-content\/uploads\/2024\/11\/tango-por-la-paz.webp 602w, https:\/\/fphv.org\/wp-content\/uploads\/2024\/11\/tango-por-la-paz-300x179.webp 300w\" sizes=\"(max-width: 602px) 100vw, 602px\" \/><\/figure><div class=\"elementor-image-box-content\"><h3 class=\"elementor-image-box-title\">TANGO POR LA PAZ<\/h3><p class=\"elementor-image-box-description\">Es una iniciativa en conjunto con la Casa del Tango de la Ciudad de La Plata, que tiene como objetivo difundir la cultura argentina y dar oportunidades a bailarines de esta danza para poder mostrar su potencial e internacionalizar sus carreras.<\/p><\/div><\/div>\t\t\t\t<\/div>\n\t\t\t\t<\/div>\n\t\t\t\t<\/div>\n\t\t<div class=\"elementor-element elementor-element-64edae94 e-con-full e-flex e-con e-child\" data-id=\"64edae94\" data-element_type=\"container\">\n\t\t\t\t<div class=\"elementor-element elementor-element-151ce001 elementor-position-top elementor-widget elementor-widget-image-box\" data-id=\"151ce001\" data-element_type=\"widget\" data-widget_type=\"image-box.default\">\n\t\t\t\t<div class=\"elementor-widget-container\">\n\t\t\t\t\t<div class=\"elementor-image-box-wrapper\"><figure class=\"elementor-image-box-img\"><img decoding=\"async\" width=\"601\" height=\"360\" src=\"https:\/\/fphv.org\/wp-content\/uploads\/2024\/11\/pasantias-deportivas.webp\" class=\"attachment-full size-full wp-image-533\" alt=\"\" srcset=\"https:\/\/fphv.org\/wp-content\/uploads\/2024\/11\/pasantias-deportivas.webp 601w, https:\/\/fphv.org\/wp-content\/uploads\/2024\/11\/pasantias-deportivas-300x180.webp 300w\" sizes=\"(max-width: 601px) 100vw, 601px\" \/><\/figure><div class=\"elementor-image-box-content\"><h3 class=\"elementor-image-box-title\">PASANT\u00cdAS DEPORTIVAS<\/h3><p class=\"elementor-image-box-description\">Junto con el Ministerio de Desarrollo Social de la Provincia de Buenos Aires, a trav\u00e9s de la Subsecretar\u00eda de Deportes lanzamos el Programa de Residencias Deportivas Internacionales. <\/p><\/div><\/div>\t\t\t\t<\/div>\n\t\t\t\t<\/div>\n\t\t\t\t<\/div>\n\t\t<div class=\"elementor-element elementor-element-1be057ac e-con-full e-flex e-con e-child\" data-id=\"1be057ac\" data-element_type=\"container\">\n\t\t\t\t<div class=\"elementor-element elementor-element-31a22475 elementor-position-top elementor-widget elementor-widget-image-box\" data-id=\"31a22475\" data-element_type=\"widget\" data-widget_type=\"image-box.default\">\n\t\t\t\t<div class=\"elementor-widget-container\">\n\t\t\t\t\t<div class=\"elementor-image-box-wrapper\"><figure class=\"elementor-image-box-img\"><img loading=\"lazy\" decoding=\"async\" width=\"602\" height=\"359\" src=\"https:\/\/fphv.org\/wp-content\/uploads\/2024\/11\/diplomatic-week.webp\" class=\"attachment-full size-full wp-image-535\" alt=\"\" srcset=\"https:\/\/fphv.org\/wp-content\/uploads\/2024\/11\/diplomatic-week.webp 602w, https:\/\/fphv.org\/wp-content\/uploads\/2024\/11\/diplomatic-week-300x179.webp 300w\" sizes=\"(max-width: 602px) 100vw, 602px\" \/><\/figure><div class=\"elementor-image-box-content\"><h3 class=\"elementor-image-box-title\">MISIONES DIPLOM\u00c1TICAS<\/h3><p class=\"elementor-image-box-description\">Gestionamos los encuentros entre autoridades argentinas y sus pares extranjeros, dentro del territorio nacional. Contamos con m\u00e1s de 150 misiones junto a la Rep\u00fablica Popular China, Estados Unidos, M\u00e9xico e Italia.<\/p><\/div><\/div>\t\t\t\t<\/div>\n\t\t\t\t<\/div>\n\t\t\t\t<\/div>\n\t\t\t\t\t<\/div>\n\t\t\t\t<\/div>\n\t\t\t\t<\/div>\n\t\t","protected":false},"excerpt":{"rendered":"<p>En El Mundo Nuestra experiencia en procesos de internacionalizaci\u00f3n y cooperaci\u00f3n internacional, est\u00e1 demostrada trav\u00e9s de nuestras delegaciones por el mundo. Nos vinculamos con instituciones, el sector p\u00fablico y la academia de los principales jugadores del tablero global.Entre los pa\u00edses con los que trabajamos se destacan la Rep\u00fablica Popular China, con quienes gestionamos m\u00e1s de [&hellip;]<\/p>\n","protected":false},"author":1,"featured_media":0,"parent":0,"menu_order":0,"comment_status":"closed","ping_status":"closed","template":"","meta":{"footnotes":""},"class_list":["post-48","page","type-page","status-publish","hentry"],"_links":{"self":[{"href":"https:\/\/fphv.org\/index.php?rest_route=\/wp\/v2\/pages\/48","targetHints":{"allow":["GET"]}}],"collection":[{"href":"https:\/\/fphv.org\/index.php?rest_route=\/wp\/v2\/pages"}],"about":[{"href":"https:\/\/fphv.org\/index.php?rest_route=\/wp\/v2\/types\/page"}],"author":[{"embeddable":true,"href":"https:\/\/fphv.org\/index.php?rest_route=\/wp\/v2\/users\/1"}],"replies":[{"embeddable":true,"href":"https:\/\/fphv.org\/index.php?rest_route=%2Fwp%2Fv2%2Fcomments&post=48"}],"version-history":[{"count":29,"href":"https:\/\/fphv.org\/index.php?rest_route=\/wp\/v2\/pages\/48\/revisions"}],"predecessor-version":[{"id":1517,"href":"https:\/\/fphv.org\/index.php?rest_route=\/wp\/v2\/pages\/48\/revisions\/1517"}],"wp:attachment":[{"href":"https:\/\/fphv.org\/index.php?rest_route=%2Fwp%2Fv2%2Fmedia&parent=48"}],"curies":[{"name":"wp","href":"https:\/\/api.w.org\/{rel}","templated":true}]}}